{"id":37,"date":"2022-10-21T18:15:54","date_gmt":"2022-10-21T16:15:54","guid":{"rendered":"http:\/\/notfall.grainscom.de\/?page_id=37"},"modified":"2023-01-04T17:56:01","modified_gmt":"2023-01-04T16:56:01","slug":"ueber-dieses-projekt","status":"publish","type":"page","link":"https:\/\/eis.grainscom.de\/?page_id=37","title":{"rendered":"\u00dcber dieses Projekt"},"content":{"rendered":"\n<p>Projekt wurde am 21.10.2022 gestartet.<\/p>\n\n\n\n<p>Dieses Projekt soll bei grossfl\u00e4chigen Katastrophenf\u00e4llen \/ St\u00f6rungen zur Informationsverbreitung dienen. Die hier aufgezeigten Informationen entstanden und entstehen durch die jeweiligen Autoren und sind nicht rechtsbindend oder von Beh\u00f6rden gepr\u00fcft!<\/p>\n\n\n\n<p>Es ersetzt in keinem Fall die Richtlinien des Bundesamtes f\u00fcr Bev\u00f6lkerungsschutz und Katastrophenhilfe.<br>Ben\u00f6tigen Sie dringend Hilfe? Rufen sie bitte die bekannten Notrufnummern an. Sollte dies nicht m\u00f6glich sein, kommen sie zum n\u00e4chstgelegenen Feuerwehr-Haus.<\/p>\n\n\n\n<p>Wir wollen mit diesem Projekt eine Plattform schaffen, die (Strom- und Internet-) netzunabh\u00e4ngig funktioniert und Ihnen w\u00e4hrend des Falles Unterst\u00fctzung bieten kann. Das haupt Augenmerk liegt dabei Ihre kommunikations m\u00f6glichkeit aufrecht zu erhalten. Dies wollen wir mit verschiedenen <a href=\"https:\/\/eis.grainscom.de\/?page_id=153\">Matrix Servern<\/a> und einer Mesh WiFi Infrastruktur realiesieren. <a href=\"https:\/\/eis.grainscom.de\/?page_id=54\">Aktueller Status<\/a><\/p>\n\n\n\n<p>Ja, wir wollen auf die Black- oder Brownout Zombie Apokalypse vorbereitet sein!<\/p>\n\n\n\n<p>Ein super Beitrag dazu vom Chaos Computer Club: <a rel=\"noreferrer noopener\" href=\"https:\/\/chaosradio.de\/podlove\/file\/1904\/s\/feed\/c\/m4a\/cr263-kritis.m4a\" target=\"_blank\">klick mich<\/a><\/p>\n\n\n\n<div class=\"wp-block-group\"><div class=\"wp-block-group__inner-container is-layout-constrained wp-block-group-is-layout-constrained\">\n<div class=\"wp-block-group has-light-green-cyan-background-color has-background\"><div class=\"wp-block-group__inner-container is-layout-constrained wp-block-group-is-layout-constrained\">\n<p>Folgende Unterst\u00fctzung wird ben\u00f6tigt:<\/p>\n\n\n\n<ul class=\"wp-block-list\">\n<li>Kommunikation mit Beh\u00f6rden<\/li>\n\n\n\n<li>Conten Pflege<\/li>\n\n\n\n<li>Technik &#8211; IT-Menschen<\/li>\n\n\n\n<li>Technik &#8211; Wasserdichte Boxenbau<\/li>\n\n\n\n<li>Technik &#8211; Mast aufbau f\u00fcr Antennen<\/li>\n\n\n\n<li>Investoren<\/li>\n\n\n\n<li>Info streuung \u00fcber dieses Projekt in der Bev\u00f6lkerung (Medien Designer\/in)<\/li>\n\n\n\n<li>Standorte f\u00fcr die Technik<\/li>\n<\/ul>\n\n\n\n<p>Wer sich dazu berufen f\u00fchlt, kann gerne kontakt mit mir aufnehmen: eis (at) grainscom.de<\/p>\n<\/div><\/div>\n<\/div><\/div>\n\n\n\n<h2 class=\"wp-block-heading\">Gedanken von Timo<\/h2>\n\n\n\n<p>folgende Infrastruktur habe ich mir \u00fcberlegt. Ob es realisiert werden kann oder nicht, h\u00e4ngt von Genehmigungen, Spenden\/Geld und weiterer tatkr\u00e4ftiger Unterst\u00fctzung ab. Sollte sich jemand angesprochen f\u00fchlen, kann gerne auf mich zu kommen: eis (at) grainscom.de<\/p>\n\n\n\n<p>Die einzelnen Ortsteile sollten auch unabh\u00e4ngig von einander autarg arbeiten k\u00f6nnen, falls der Backbone oder ein Standort ausfallen sollte.<\/p>\n\n\n\n<h2 class=\"wp-block-heading\">Gesamt \u00dcbersicht<\/h2>\n\n\n\n<figure class=\"wp-block-image size-large\"><img loading=\"lazy\" decoding=\"async\" width=\"1024\" height=\"579\" src=\"https:\/\/eis.grainscom.de\/wp-content\/uploads\/2023\/01\/InfraUebersicht-1-1024x579.png\" alt=\"\" class=\"wp-image-401\" srcset=\"https:\/\/eis.grainscom.de\/wp-content\/uploads\/2023\/01\/InfraUebersicht-1-1024x579.png 1024w, https:\/\/eis.grainscom.de\/wp-content\/uploads\/2023\/01\/InfraUebersicht-1-300x170.png 300w, https:\/\/eis.grainscom.de\/wp-content\/uploads\/2023\/01\/InfraUebersicht-1-768x435.png 768w, https:\/\/eis.grainscom.de\/wp-content\/uploads\/2023\/01\/InfraUebersicht-1.png 1253w\" sizes=\"auto, (max-width: 1024px) 100vw, 1024px\" \/><\/figure>\n\n\n\n<h2 class=\"wp-block-heading\">Aufbau eines Standortes:<\/h2>\n\n\n\n<figure class=\"wp-block-image size-large\"><img loading=\"lazy\" decoding=\"async\" width=\"1024\" height=\"587\" src=\"https:\/\/eis.grainscom.de\/wp-content\/uploads\/2023\/01\/standortuebersicht-3-1024x587.png\" alt=\"\" class=\"wp-image-406\" srcset=\"https:\/\/eis.grainscom.de\/wp-content\/uploads\/2023\/01\/standortuebersicht-3-1024x587.png 1024w, https:\/\/eis.grainscom.de\/wp-content\/uploads\/2023\/01\/standortuebersicht-3-300x172.png 300w, https:\/\/eis.grainscom.de\/wp-content\/uploads\/2023\/01\/standortuebersicht-3-768x440.png 768w, https:\/\/eis.grainscom.de\/wp-content\/uploads\/2023\/01\/standortuebersicht-3.png 1205w\" sizes=\"auto, (max-width: 1024px) 100vw, 1024px\" \/><\/figure>\n","protected":false},"excerpt":{"rendered":"<p>Projekt wurde am 21.10.2022 gestartet. Dieses Projekt soll bei grossfl\u00e4chigen Katastrophenf\u00e4llen \/ St\u00f6rungen zur Informationsverbreitung dienen. Die hier aufgezeigten Informationen entstanden und entstehen durch die jeweiligen Autoren und sind nicht rechtsbindend oder von Beh\u00f6rden gepr\u00fcft! Es ersetzt in keinem Fall die Richtlinien des Bundesamtes f\u00fcr Bev\u00f6lkerungsschutz und Katastrophenhilfe.Ben\u00f6tigen Sie dringend Hilfe? Rufen sie bitte die&hellip; <br \/> <a class=\"read-more\" href=\"https:\/\/eis.grainscom.de\/?page_id=37\">Weiterlesen<\/a><\/p>\n","protected":false},"author":1,"featured_media":45,"parent":0,"menu_order":0,"comment_status":"closed","ping_status":"closed","template":"","meta":{"footnotes":""},"class_list":["post-37","page","type-page","status-publish","has-post-thumbnail","hentry"],"_links":{"self":[{"href":"https:\/\/eis.grainscom.de\/index.php?rest_route=\/wp\/v2\/pages\/37","targetHints":{"allow":["GET"]}}],"collection":[{"href":"https:\/\/eis.grainscom.de\/index.php?rest_route=\/wp\/v2\/pages"}],"about":[{"href":"https:\/\/eis.grainscom.de\/index.php?rest_route=\/wp\/v2\/types\/page"}],"author":[{"embeddable":true,"href":"https:\/\/eis.grainscom.de\/index.php?rest_route=\/wp\/v2\/users\/1"}],"replies":[{"embeddable":true,"href":"https:\/\/eis.grainscom.de\/index.php?rest_route=%2Fwp%2Fv2%2Fcomments&post=37"}],"version-history":[{"count":27,"href":"https:\/\/eis.grainscom.de\/index.php?rest_route=\/wp\/v2\/pages\/37\/revisions"}],"predecessor-version":[{"id":425,"href":"https:\/\/eis.grainscom.de\/index.php?rest_route=\/wp\/v2\/pages\/37\/revisions\/425"}],"wp:featuredmedia":[{"embeddable":true,"href":"https:\/\/eis.grainscom.de\/index.php?rest_route=\/wp\/v2\/media\/45"}],"wp:attachment":[{"href":"https:\/\/eis.grainscom.de\/index.php?rest_route=%2Fwp%2Fv2%2Fmedia&parent=37"}],"curies":[{"name":"wp","href":"https:\/\/api.w.org\/{rel}","templated":true}]}}