{"id":438,"date":"2023-03-14T11:13:58","date_gmt":"2023-03-14T10:13:58","guid":{"rendered":"https:\/\/eis.grainscom.de\/?page_id=438"},"modified":"2026-03-31T11:49:20","modified_gmt":"2026-03-31T09:49:20","slug":"meshtastic","status":"publish","type":"page","link":"https:\/\/eis.grainscom.de\/?page_id=438","title":{"rendered":"Meshtastic"},"content":{"rendered":"\n<p><a href=\"https:\/\/meshtastic.org\/\" data-type=\"URL\" data-id=\"https:\/\/meshtastic.org\/\" target=\"_blank\" rel=\"noreferrer noopener\">Meshtastic\u00ae<\/a> ist ein Projekt, mit dem Sie kosteng\u00fcnstige LoRa-Funkger\u00e4te als netzferne Kommunikatoren mit gro\u00dfer Reichweite f\u00fcr Gebiete ohne zuverl\u00e4ssigen Mobilfunkdienst verwenden k\u00f6nnen. Diese Radios eignen sich hervorragend zum Wandern, Skifahren, Gleitschirmfliegen \u2013 im Grunde f\u00fcr jedes Hobby, bei dem Sie keinen zuverl\u00e4ssigen Internetzugang haben. Jedes Mitglied des Netzes kann Textnachrichten senden und anzeigen und optionale GPS-basierte Standortfunktionen aktivieren. <\/p>\n\n\n\n<p>Die Funkger\u00e4te erstellen automatisch ein Mesh, um Pakete nach Bedarf weiterzuleiten, sodass jeder in der Gruppe Nachrichten auch vom am weitesten entfernten Mitglied empfangen kann. Die Funkger\u00e4te funktionieren optional mit Ihrem Smartphone, es ist jedoch kein Smartphone erforderlich.<\/p>\n\n\n\n<p>Die Daten werden ende zu ende verschl\u00fcsselt \u00fcbermittelt. Ein User muss, bevor er mit einem anderen User kommunizieren kann, einen QR Code vom gegen\u00fcber scannen zur Authentifizierung.<\/p>\n\n\n\n<p><strong>Eine super Erkl\u00e4rung und Anleitung findet ihr hier: <a href=\"http:\/\/www.meshhessen.de\" data-type=\"link\" data-id=\"www.meshhessen.de\">www.meshhessen.de<\/a><\/strong><\/p>\n","protected":false},"excerpt":{"rendered":"<p>Meshtastic\u00ae ist ein Projekt, mit dem Sie kosteng\u00fcnstige LoRa-Funkger\u00e4te als netzferne Kommunikatoren mit gro\u00dfer Reichweite f\u00fcr Gebiete ohne zuverl\u00e4ssigen Mobilfunkdienst verwenden k\u00f6nnen. Diese Radios eignen sich hervorragend zum Wandern, Skifahren, Gleitschirmfliegen \u2013 im Grunde f\u00fcr jedes Hobby, bei dem Sie keinen zuverl\u00e4ssigen Internetzugang haben. Jedes Mitglied des Netzes kann Textnachrichten senden und anzeigen und optionale&hellip; <br \/> <a class=\"read-more\" href=\"https:\/\/eis.grainscom.de\/?page_id=438\">Weiterlesen<\/a><\/p>\n","protected":false},"author":1,"featured_media":431,"parent":0,"menu_order":0,"comment_status":"closed","ping_status":"closed","template":"","meta":{"footnotes":""},"class_list":["post-438","page","type-page","status-publish","has-post-thumbnail","hentry"],"_links":{"self":[{"href":"https:\/\/eis.grainscom.de\/index.php?rest_route=\/wp\/v2\/pages\/438","targetHints":{"allow":["GET"]}}],"collection":[{"href":"https:\/\/eis.grainscom.de\/index.php?rest_route=\/wp\/v2\/pages"}],"about":[{"href":"https:\/\/eis.grainscom.de\/index.php?rest_route=\/wp\/v2\/types\/page"}],"author":[{"embeddable":true,"href":"https:\/\/eis.grainscom.de\/index.php?rest_route=\/wp\/v2\/users\/1"}],"replies":[{"embeddable":true,"href":"https:\/\/eis.grainscom.de\/index.php?rest_route=%2Fwp%2Fv2%2Fcomments&post=438"}],"version-history":[{"count":8,"href":"https:\/\/eis.grainscom.de\/index.php?rest_route=\/wp\/v2\/pages\/438\/revisions"}],"predecessor-version":[{"id":505,"href":"https:\/\/eis.grainscom.de\/index.php?rest_route=\/wp\/v2\/pages\/438\/revisions\/505"}],"wp:featuredmedia":[{"embeddable":true,"href":"https:\/\/eis.grainscom.de\/index.php?rest_route=\/wp\/v2\/media\/431"}],"wp:attachment":[{"href":"https:\/\/eis.grainscom.de\/index.php?rest_route=%2Fwp%2Fv2%2Fmedia&parent=438"}],"curies":[{"name":"wp","href":"https:\/\/api.w.org\/{rel}","templated":true}]}}