{"id":5,"date":"2022-10-21T16:48:03","date_gmt":"2022-10-21T14:48:03","guid":{"rendered":"http:\/\/notfall.grainscom.de\/?page_id=5"},"modified":"2023-01-11T14:34:24","modified_gmt":"2023-01-11T13:34:24","slug":"mesmerize","status":"publish","type":"page","link":"https:\/\/eis.grainscom.de\/","title":{"rendered":"Front Page"},"content":{"rendered":"<div  data-label=\"Vorab\" data-id=\"content--1\" data-export-id=\"content-7-mc\" data-category=\"content\" class=\"content-7-mc content-section content-section-spacing\" id=\"vorab\" style=\"background-color: rgb(245, 250, 253);\" data-bullets-visibility=\"true\"><div  class=\"gridContainer\"> <div  class=\"row middle-sm\"><div  class=\"col-sm-6 space-bottom-xs content-center-sm\" data-type=\"column\"> <h2  class=\"\">Vorab<\/h2>  <p  class=\"\">Besteht gerade ein Notfall?<br >Dann rufen sie bitte die \n<br ><br >112 f\u00fcr Krankenwagen oder Feuerwehr an.\n<br >110 f\u00fcr Polizei\n<br ><br >Telefon\/Internet\/Stromnetz steht nicht zur Verf\u00fcgung?\n<br >\n<br >Kommen sie zum n\u00e4chstgelegen Feuerwehr-Haus, diese werden im Katastrophen-Fall besetzt und dienen als erste Anlaufstelle f\u00fcr die Bev\u00f6lkerung.\n<br ><br ><br >Wenn das Telefon\/Internet\/Stromnetz zurzeit nicht zur Verf\u00fcgung steht, wegen einer etwaigen Katastrophe, so k\u00f6nnen sie hier auf der Seite erfahren wie Ihnen geholfen werden kann, bzw. Sie sich selber helfen k\u00f6nnen.\n<\/p><\/div> <div  class=\"col-sm-6 content-center-sm\" data-type=\"column\"> <img  decoding=\"async\" class=\"shadow-large\" src=\"https:\/\/eis.grainscom.de\/wp-content\/uploads\/2022\/10\/help-g346e2a4ff_640.png\" title=\"help-g346e2a4ff_640\" alt=\"\"><\/div> <\/div><\/div> <\/div><div  id=\"themen\" style=\"background-color: #ffffff;\" data-label=\"Themen\" data-id=\"features-16-card-bordered-mc\" data-export-id=\"features-16-card-bordered-mc\" data-bullets-visibility=\"true\" data-category=\"features\" class=\"features-16-card-bordered-mc content-section content-section-spacing\"><div  class=\"gridContainer\"> <div  class=\"row text-center\"><div  class=\"section-title-col\" data-type=\"column\">  <h2  class=\"\">Alle Themen Gebiete<\/h2> <p  class=\"lead\">Hier sind alle Themen (sortiert nach Wichtigkeit) aufgelistet, \u00fcber die Sie sich informieren k\u00f6nnen.<\/p><\/div> <\/div> <div  class=\"row spaced-cols\" data-type=\"row\">  <div  class=\"col-xs-12 col-sm-6 col-md-4\"> <div  class=\"card no-padding bordered y-move\"> <a data-cp-link=\"1\" href=\"https:\/\/eis.grainscom.de?page_id=37\" target=\"_self\" rel=\"noopener\" class=\"\"><img  decoding=\"async\" class=\"face\" src=\"https:\/\/eis.grainscom.de\/wp-content\/uploads\/2022\/10\/woman-g994d40bb0_1280.png\" title=\"woman-g994d40bb0_1280\" alt=\"\"><\/a> <div  data-type=\"column\" class=\"col-padding-small col-padding-small-xs description-container\"> <h4  class=\"font-500\">\u00dcber dieses Projekt<\/h4> <p  class=\"\">Was soll das ganze hier eigentlich? \n<br ><br >Eine kurze Erkl\u00e4rung warum weshalb und weswegen wir hier Zeit reinstecken.<\/p><\/div> <div  data-type=\"column\" class=\"col-padding-small col-padding-small-xs read-more-container\"><a class=\"read-more\" href=\"https:\/\/eis.grainscom.de?page_id=37\" target=\"_self\" data-cp-link=\"1\" rel=\"noopener\">Lesen sie weiter<\/a><\/div> <\/div><\/div><div  class=\"col-xs-12 col-sm-6 col-md-4\"><div  class=\"card no-padding bordered y-move\"> <a data-cp-link=\"1\" href=\"https:\/\/eis.grainscom.de?page_id=72\" target=\"_self\" rel=\"noopener\"><img  decoding=\"async\" class=\"face\" src=\"https:\/\/eis.grainscom.de\/wp-content\/uploads\/2022\/10\/news-g6a08d870e_1280.png\" title=\"news-g6a08d870e_1280\" alt=\"\"><\/a> <div  data-type=\"column\" class=\"col-padding-small col-padding-small-xs description-container\"> <h4  class=\"font-500\">Aktuelle Info\u2019s<\/h4> <p  class=\"\">Im Katastrophen-Fall werden wir versuchen hier aktuelle Informationen f\u00fcr die Bev\u00f6lkerung bereitzustellen.<\/p><\/div> <div  data-type=\"column\" class=\"col-padding-small col-padding-small-xs read-more-container\"><a class=\"read-more\" href=\"https:\/\/eis.grainscom.de?page_id=72\" target=\"_self\" data-cp-link=\"1\" rel=\"noopener\">Lesen sie weiter<\/a><\/div> <\/div><\/div>  <div  class=\"col-xs-12 col-sm-6 col-md-4\"> <div  class=\"card no-padding bordered y-move\"> <a data-cp-link=\"1\" href=\"https:\/\/eis.grainscom.de?page_id=161\" target=\"_self\" rel=\"noopener\" class=\"\"><img  decoding=\"async\" class=\"face\" src=\"https:\/\/eis.grainscom.de\/wp-content\/uploads\/2022\/10\/papers-g51e1360dd_1280.png\" title=\"woman-g994d40bb0_1280\" alt=\"\"><\/a> <div  data-type=\"column\" class=\"col-padding-small col-padding-small-xs description-container\"> <h4  class=\"font-500\">Informations Sammlungen<\/h4> <p  class=\"\">Finden Sie hier alle gesammelten Informationen f\u00fcr vor und w\u00e4hrend einer Krise.<\/p><\/div> <div  data-type=\"column\" class=\"col-padding-small col-padding-small-xs read-more-container\"><a class=\"read-more\" href=\"https:\/\/eis.grainscom.de?page_id=161\" target=\"_self\" data-cp-link=\"1\" rel=\"noopener\">Lesen sie weiter<\/a><\/div> <\/div><\/div><div  class=\"col-xs-12 col-sm-6 col-md-4\"><div  class=\"card no-padding bordered y-move\"> <a data-cp-link=\"1\" href=\"https:\/\/eis.grainscom.de?page_id=54\" target=\"_self\" rel=\"noopener\" class=\"\"><img  decoding=\"async\" class=\"face\" src=\"https:\/\/eis.grainscom.de\/wp-content\/uploads\/2022\/10\/craftsman-g80afee14a_1280.png\" title=\"craftsman-g80afee14a_1280\" alt=\"\"><\/a> <div  data-type=\"column\" class=\"col-padding-small col-padding-small-xs description-container\"> <h4  class=\"font-500\">Die Technik<\/h4> <p  class=\"\">Wie wird das ganze realisiert? Was wird eingesetzt? \n<br ><br >Hard\/Software die eingesetzt wird.\n<br >\u00dcbersicht aller Dienste.<\/p><\/div> <div  data-type=\"column\" class=\"col-padding-small col-padding-small-xs read-more-container\"><a class=\"read-more\" href=\"https:\/\/eis.grainscom.de?page_id=54\" target=\"_self\" data-cp-link=\"1\" rel=\"noopener\">Lesen sie weiter<\/a><\/div> <\/div><\/div><div  class=\"col-xs-12 col-sm-6 col-md-4\"> <div  class=\"card no-padding bordered y-move\"> <a data-cp-link=\"1\" href=\"https:\/\/eis.grainscom.de?page_id=172\" target=\"_self\" rel=\"noopener\" class=\"\"><img  decoding=\"async\" class=\"face\" src=\"https:\/\/eis.grainscom.de\/wp-content\/uploads\/2022\/10\/checklist-gd93eeed91_1280.png\" title=\"woman-g994d40bb0_1280\" alt=\"\"><\/a> <div  data-type=\"column\" class=\"col-padding-small col-padding-small-xs description-container\"> <h4  class=\"font-500\">ToDo Liste<\/h4> <p  class=\"\">Was ist geplant, was ist in Bearbeitung, wie ist der Stand der Dinge.<\/p><\/div> <div  data-type=\"column\" class=\"col-padding-small col-padding-small-xs read-more-container\"><a class=\"read-more\" href=\"https:\/\/eis.grainscom.de?page_id=172\" target=\"_self\" data-cp-link=\"1\" rel=\"noopener\">Lesen sie weiter<\/a><\/div> <\/div><\/div><\/div><\/div> <\/div>","protected":false},"excerpt":{"rendered":"<p>Vorab Besteht gerade ein Notfall?Dann rufen sie bitte die 112 f\u00fcr Krankenwagen oder Feuerwehr an. 110 f\u00fcr Polizei Telefon\/Internet\/Stromnetz steht nicht zur Verf\u00fcgung? Kommen sie zum n\u00e4chstgelegen Feuerwehr-Haus, diese werden im Katastrophen-Fall besetzt und dienen als erste Anlaufstelle f\u00fcr die Bev\u00f6lkerung. Wenn das Telefon\/Internet\/Stromnetz zurzeit nicht zur Verf\u00fcgung steht, wegen einer etwaigen Katastrophe, so k\u00f6nnen&hellip; <br \/> <a class=\"read-more\" href=\"https:\/\/eis.grainscom.de\/\">Weiterlesen<\/a><\/p>\n","protected":false},"author":1,"featured_media":0,"parent":0,"menu_order":0,"comment_status":"closed","ping_status":"closed","template":"page-templates\/homepage.php","meta":{"footnotes":""},"class_list":["post-5","page","type-page","status-publish","hentry"],"_links":{"self":[{"href":"https:\/\/eis.grainscom.de\/index.php?rest_route=\/wp\/v2\/pages\/5","targetHints":{"allow":["GET"]}}],"collection":[{"href":"https:\/\/eis.grainscom.de\/index.php?rest_route=\/wp\/v2\/pages"}],"about":[{"href":"https:\/\/eis.grainscom.de\/index.php?rest_route=\/wp\/v2\/types\/page"}],"author":[{"embeddable":true,"href":"https:\/\/eis.grainscom.de\/index.php?rest_route=\/wp\/v2\/users\/1"}],"replies":[{"embeddable":true,"href":"https:\/\/eis.grainscom.de\/index.php?rest_route=%2Fwp%2Fv2%2Fcomments&post=5"}],"version-history":[{"count":38,"href":"https:\/\/eis.grainscom.de\/index.php?rest_route=\/wp\/v2\/pages\/5\/revisions"}],"predecessor-version":[{"id":428,"href":"https:\/\/eis.grainscom.de\/index.php?rest_route=\/wp\/v2\/pages\/5\/revisions\/428"}],"wp:attachment":[{"href":"https:\/\/eis.grainscom.de\/index.php?rest_route=%2Fwp%2Fv2%2Fmedia&parent=5"}],"curies":[{"name":"wp","href":"https:\/\/api.w.org\/{rel}","templated":true}]}}