{"id":54,"date":"2022-10-21T19:01:50","date_gmt":"2022-10-21T17:01:50","guid":{"rendered":"http:\/\/notfall.grainscom.de\/?page_id=54"},"modified":"2023-12-01T12:35:01","modified_gmt":"2023-12-01T11:35:01","slug":"die-technik","status":"publish","type":"page","link":"https:\/\/eis.grainscom.de\/?page_id=54","title":{"rendered":"Die Technik"},"content":{"rendered":"\n<div class=\"wp-block-buttons is-content-justification-center is-layout-flex wp-container-core-buttons-is-layout-16018d1d wp-block-buttons-is-layout-flex\">\n<div class=\"wp-block-button\"><a class=\"wp-block-button__link wp-element-button\" href=\"#dienste\">Dienste<\/a><\/div>\n\n\n\n<div class=\"wp-block-button\"><a class=\"wp-block-button__link wp-element-button\" href=\"#hardware\">Hardware<\/a><\/div>\n\n\n\n<div class=\"wp-block-button\"><a class=\"wp-block-button__link wp-element-button\" href=\"#software\">Software<\/a><\/div>\n<\/div>\n\n\n\n<h2 class=\"wp-block-heading\" id=\"dienste\">Dienste<\/h2>\n\n\n\n<figure class=\"wp-block-table\"><table class=\"has-fixed-layout\"><tbody><tr><td><strong>Status<\/strong><\/td><td><strong>Bezeichnung<\/strong><\/td><td><strong>Bemerkung<\/strong><\/td><td><strong>Link zu erweiterten Infos<\/strong><\/td><\/tr><tr><td>Aktiv<\/td><td>WebServer mit MariaDB usw.<\/td><td>Auf Raspberry Pi<\/td><td><\/td><\/tr><tr><td>Inaktiv<\/td><td>PMR Simplex Relais<\/td><td>Wird aktiv geschaltet wenn der Standort ausgew\u00e4hlt wurde. Tests sind erfolgreich durchgef\u00fchrt.<\/td><td><\/td><\/tr><tr><td>in Bearbeitung<\/td><td>Mash WiFi Infrastruktur<\/td><td>Hitzkirchen\/Helfersdorf &#8211; Link Strecken zu Burgbracht, Kefenrod, Bindsachsen in Planung<\/td><td><\/td><\/tr><tr><td>in Bearbeitung<\/td><td>Info Sammlung und Bereitstellung auf Website \u00fcber Kates Dinge<\/td><td><\/td><td><\/td><\/tr><tr><td>in Bearbeitung<\/td><td>Matrix ChatServer mit mehreren Servern <\/td><td>ChatServer soll auch in &#8222;normalen&#8220; Zeiten erreichbar und benutzbar sein.<\/td><td><a href=\"https:\/\/eis.grainscom.de\/?page_id=153\">Alle Info&#8217;s \u00fcber Matrix<\/a><\/td><\/tr><tr><td>in Planung<\/td><td>Matrix Identity Server<\/td><td>zum suchen und finden von bereits registrierten Matrix Usern anhand von Telefonnummer und\/oder Email Adresse<\/td><td><\/td><\/tr><tr><td>Aktiv<\/td><td>Batterie-\u00dcberwachung mit Ausgabe auf Homepage und TTS \u00fcber Funkger\u00e4t bei Unterschreitung von definiertem Wert<\/td><td>TTS ist noch in Planung<\/td><td><a href=\"https:\/\/eis.grainscom.de\/?page_id=287\">Alle Info&#8217;s \u00fcber Raspberry Batterie \u00dcberwachung<\/a><\/td><\/tr><tr><td>Aktiv<\/td><td>DNS Server auf diesem raspberrypi<\/td><td><\/td><td><\/td><\/tr><tr><td>in Planung<\/td><td>WebSDR<\/td><td>Abh\u00f6ren von Funk Frequenzen \u00fcber Browser<\/td><td><\/td><\/tr><tr><td>evtl. Planung<\/td><td>MediaWiki<\/td><td>Als Knowledgebase zur Bearbeitung f\u00fcr jeden<\/td><td><\/td><\/tr><\/tbody><\/table><\/figure>\n\n\n\n<h2 class=\"wp-block-heading\" id=\"hardware\">Hardware<\/h2>\n\n\n\n<p>Das ganze System l\u00e4uft Netz-unabh\u00e4ngig \u00fcber eine Notstrom-Versorgung. Also auch bei einem etwaigen grossfl\u00e4chigen Stromausfall. Dar\u00fcber hinaus setzten wir uns als Ziel, das System auch \u00fcber die 4 Stunden Notversorgung der BOS Ger\u00e4te betreiben zu k\u00f6nnen. Ziel ist eine Erreichbarkeit der Dienste von mehr als 14 Tagen.<\/p>\n\n\n\n<p>Eingesetzt werden Batterien, die \u00fcber Solar Pannels geladen werden k\u00f6nnen.<\/p>\n\n\n\n<p><img loading=\"lazy\" decoding=\"async\" width=\"150\" height=\"113\" class=\"wp-image-55\" style=\"width: 150px;\" src=\"https:\/\/eis.grainscom.de\/wp-content\/uploads\/2022\/10\/A6U2D220121053O6U50.jpg\" alt=\"\">Die WiFi Verbindung wird \u00fcber einen Ubiquiti Accesspoint mit Parabolspiegel realisiert. Hierdurch k\u00f6nnen wir hohe Reichweiten erzielen. Um die Reichweite weiter zu erh\u00f6hen, k\u00f6nnen weitere Accesspoints durch die WiFi Mesh Funktion hinzugef\u00fcgt werden. Wer sich daran beteiligen m\u00f6chte, kann sich gerne an uns wenden. Per Matrix:  <a rel=\"noreferrer noopener\" href=\"https:\/\/matrix.to\/#\/#projekteis:matrix.grainscom.de\" target=\"_blank\">https:\/\/matrix.to\/#\/#projekteis:matrix.grainscom.de<\/a> oder per Email: eisbeteiligung(at)grainscom.de<br>F\u00fcr ein Matrix Account auf unserem Server bitte an die gleiche Adresse eine Email mit dem gew\u00fcnschten Login-Namen.<\/p>\n\n\n\n<p class=\"has-text-align-right\"><img loading=\"lazy\" decoding=\"async\" width=\"150\" height=\"84\" class=\"wp-image-56\" style=\"width: 150px;\" src=\"https:\/\/eis.grainscom.de\/wp-content\/uploads\/2022\/10\/Raspberry-Pi-RASPBERRY-PI-3-B-30085264-01.jpg\" alt=\"\" srcset=\"https:\/\/eis.grainscom.de\/wp-content\/uploads\/2022\/10\/Raspberry-Pi-RASPBERRY-PI-3-B-30085264-01.jpg 1020w, https:\/\/eis.grainscom.de\/wp-content\/uploads\/2022\/10\/Raspberry-Pi-RASPBERRY-PI-3-B-30085264-01-300x168.jpg 300w, https:\/\/eis.grainscom.de\/wp-content\/uploads\/2022\/10\/Raspberry-Pi-RASPBERRY-PI-3-B-30085264-01-768x429.jpg 768w\" sizes=\"auto, (max-width: 150px) 100vw, 150px\" \/>Das restliche EDV System l\u00e4uft auf einem RaspberryPi.<br>RaspberryPi ist ein Mini-PC mit diversen Schnittstellen. Er wird in vielen Projekten, die wenig Strom verbrauch ben\u00f6tigen eingesetzt. Dies erlaubt uns lange Laufzeiten der Systeme.<br><\/p>\n\n\n\n<h2 class=\"wp-block-heading\" id=\"software\">Software<\/h2>\n\n\n\n<p>WebServer Software:<br>Eingesetzt wird ein Nginx Server mit php und MariaDB<\/p>\n\n\n\n<p><\/p>\n","protected":false},"excerpt":{"rendered":"<p>Dienste Status Bezeichnung Bemerkung Link zu erweiterten Infos Aktiv WebServer mit MariaDB usw. Auf Raspberry Pi Inaktiv PMR Simplex Relais Wird aktiv geschaltet wenn der Standort ausgew\u00e4hlt wurde. Tests sind erfolgreich durchgef\u00fchrt. in Bearbeitung Mash WiFi Infrastruktur Hitzkirchen\/Helfersdorf &#8211; Link Strecken zu Burgbracht, Kefenrod, Bindsachsen in Planung in Bearbeitung Info Sammlung und Bereitstellung auf Website&hellip; <br \/> <a class=\"read-more\" href=\"https:\/\/eis.grainscom.de\/?page_id=54\">Weiterlesen<\/a><\/p>\n","protected":false},"author":1,"featured_media":101,"parent":0,"menu_order":0,"comment_status":"closed","ping_status":"closed","template":"","meta":{"footnotes":""},"class_list":["post-54","page","type-page","status-publish","has-post-thumbnail","hentry"],"_links":{"self":[{"href":"https:\/\/eis.grainscom.de\/index.php?rest_route=\/wp\/v2\/pages\/54","targetHints":{"allow":["GET"]}}],"collection":[{"href":"https:\/\/eis.grainscom.de\/index.php?rest_route=\/wp\/v2\/pages"}],"about":[{"href":"https:\/\/eis.grainscom.de\/index.php?rest_route=\/wp\/v2\/types\/page"}],"author":[{"embeddable":true,"href":"https:\/\/eis.grainscom.de\/index.php?rest_route=\/wp\/v2\/users\/1"}],"replies":[{"embeddable":true,"href":"https:\/\/eis.grainscom.de\/index.php?rest_route=%2Fwp%2Fv2%2Fcomments&post=54"}],"version-history":[{"count":33,"href":"https:\/\/eis.grainscom.de\/index.php?rest_route=\/wp\/v2\/pages\/54\/revisions"}],"predecessor-version":[{"id":467,"href":"https:\/\/eis.grainscom.de\/index.php?rest_route=\/wp\/v2\/pages\/54\/revisions\/467"}],"wp:featuredmedia":[{"embeddable":true,"href":"https:\/\/eis.grainscom.de\/index.php?rest_route=\/wp\/v2\/media\/101"}],"wp:attachment":[{"href":"https:\/\/eis.grainscom.de\/index.php?rest_route=%2Fwp%2Fv2%2Fmedia&parent=54"}],"curies":[{"name":"wp","href":"https:\/\/api.w.org\/{rel}","templated":true}]}}