{"id":72,"date":"2022-10-21T19:17:32","date_gmt":"2022-10-21T17:17:32","guid":{"rendered":"http:\/\/notfall.grainscom.de\/?page_id=72"},"modified":"2026-03-31T11:48:28","modified_gmt":"2026-03-31T09:48:28","slug":"aktuelle-infos","status":"publish","type":"page","link":"https:\/\/eis.grainscom.de\/?page_id=72","title":{"rendered":"Aktuelle Infos"},"content":{"rendered":"\n<p class=\"has-text-align-center\"><strong>Momentan kein Katastrophen-Fall. Daher ist zurzeit keine Informationen verf\u00fcgbar.<\/strong><\/p>\n\n\n\n<p class=\"has-text-align-center\">Aktuelle Infos werden auch in unserem Matrix Chat im Raum <a rel=\"noreferrer noopener\" href=\"https:\/\/matrix.to\/#\/#fwholzwich:matrix.grainscom.de\" target=\"_blank\">#fwholzwich:matrix.grainscom.de<\/a> ver\u00f6ffentlicht. Zur Registrierung f\u00fcr unseren Matrix Test-Server, bitte eine email an matrixregister(at)grainscom.de unter Angabe des gew\u00fcnschten Nicknames senden. <a href=\"https:\/\/eis.grainscom.de\/?page_id=153\">Was ist Matrix? klick<\/a><\/p>\n\n\n\n<p><strong><a href=\"https:\/\/eis.grainscom.de\/?page_id=438\">Meshtastic<\/a><\/strong> ist nun auch endlich brauchbar. Infos kommen \u00fcber den Standard Mesh Kanal &#8222;ShortSlow&#8220;. &#8222;Asterix01 Base&#8220; ist als BBS eingerichtet. Dort erh\u00e4lt man auch viele weitere Informationen. Einfach eine Direktnachricht mit einem X an diese Node senden.<\/p>\n\n\n\n<h3 class=\"wp-block-heading has-text-align-center\">Aktuelle Werte des RaspberryPi<\/h3>\n\n\n\n<center><iframe name=\"eins\" src=\"volt.txt\" width=\"90%\"><\/iframe><\/center>\n\n\n\n<h3 class=\"wp-block-heading has-text-align-center\">Aktuelle Wetterdaten aus Hitzkirchen<\/h3>\n\n\n\n<center>\n<b2>aktuelle Wetterdaten aus Hitzkirchen<\/b2>\n<a href=\"http:\/\/wetter-hitzkirchen.de\" target=\"_blank\" rel=\"noopener\">von wetter-hitzkirchen.de<\/a>\n<br>\n<iframe loading=\"lazy\" name=\"zwo\" src=\"https:\/\/wetter-hitzkirchen.de\/pi\/?theme=light\" seamless=\"\" scrolling=\"no\" width=\"560px\" height=\"340px\" frameborder=\"no\">\n\n<p>Ihr Browser kann leider keine eingebetteten Fenster anzeigen:\nSie k\u00f6nnen die eingebettete Seite \u00fcber den folgenden Verweis aufrufen:\n<a href=\"http:\/\/www.wetter-hitzkirchen.de\">Hitzkirchen Wetter<\/a>\n<\/p>  \n<\/iframe>\n<\/center>\n","protected":false},"excerpt":{"rendered":"<p>Momentan kein Katastrophen-Fall. Daher ist zurzeit keine Informationen verf\u00fcgbar. Aktuelle Infos werden auch in unserem Matrix Chat im Raum #fwholzwich:matrix.grainscom.de ver\u00f6ffentlicht. Zur Registrierung f\u00fcr unseren Matrix Test-Server, bitte eine email an matrixregister(at)grainscom.de unter Angabe des gew\u00fcnschten Nicknames senden. Was ist Matrix? klick Meshtastic ist nun auch endlich brauchbar. Infos kommen \u00fcber den Standard Mesh Kanal&hellip; <br \/> <a class=\"read-more\" href=\"https:\/\/eis.grainscom.de\/?page_id=72\">Weiterlesen<\/a><\/p>\n","protected":false},"author":1,"featured_media":74,"parent":0,"menu_order":0,"comment_status":"closed","ping_status":"closed","template":"","meta":{"footnotes":""},"class_list":["post-72","page","type-page","status-publish","has-post-thumbnail","hentry"],"_links":{"self":[{"href":"https:\/\/eis.grainscom.de\/index.php?rest_route=\/wp\/v2\/pages\/72","targetHints":{"allow":["GET"]}}],"collection":[{"href":"https:\/\/eis.grainscom.de\/index.php?rest_route=\/wp\/v2\/pages"}],"about":[{"href":"https:\/\/eis.grainscom.de\/index.php?rest_route=\/wp\/v2\/types\/page"}],"author":[{"embeddable":true,"href":"https:\/\/eis.grainscom.de\/index.php?rest_route=\/wp\/v2\/users\/1"}],"replies":[{"embeddable":true,"href":"https:\/\/eis.grainscom.de\/index.php?rest_route=%2Fwp%2Fv2%2Fcomments&post=72"}],"version-history":[{"count":21,"href":"https:\/\/eis.grainscom.de\/index.php?rest_route=\/wp\/v2\/pages\/72\/revisions"}],"predecessor-version":[{"id":503,"href":"https:\/\/eis.grainscom.de\/index.php?rest_route=\/wp\/v2\/pages\/72\/revisions\/503"}],"wp:featuredmedia":[{"embeddable":true,"href":"https:\/\/eis.grainscom.de\/index.php?rest_route=\/wp\/v2\/media\/74"}],"wp:attachment":[{"href":"https:\/\/eis.grainscom.de\/index.php?rest_route=%2Fwp%2Fv2%2Fmedia&parent=72"}],"curies":[{"name":"wp","href":"https:\/\/api.w.org\/{rel}","templated":true}]}}